{"id":1782,"date":"2023-12-10T18:30:34","date_gmt":"2023-12-10T17:30:34","guid":{"rendered":"https:\/\/casqp.fr\/?page_id=1782"},"modified":"2023-12-10T18:43:59","modified_gmt":"2023-12-10T17:43:59","slug":"mentions-legales","status":"publish","type":"page","link":"https:\/\/casqp.fr\/en\/mentions-legales\/","title":{"rendered":"Mentions l\u00e9gales"},"content":{"rendered":"<h1>Mentions l\u00e9gales<\/h1>\n<div>\n<div class=\"uk-panel uk-margin\">\n<p>Conform\u00e9ment aux dispositions des Articles 6-lll et 19 de la Loi n\u00b02004-575 du 21 juin 2004 pour la Confiance dans l&#8217;\u00e9conomie num\u00e9rique, dite L.C.E.N., il est port\u00e9 \u00e0 la connaissance des utilisateurs et visiteurs, ci-apr\u00e8s l&#8217; &#8220;Utilisateur&#8221;, du site casqp.fr, ci-apr\u00e8s le &#8220;Site&#8221;, les pr\u00e9sentes mentions l\u00e9gales.<\/p>\n<\/div>\n<p>La connexion et la navigation sur le Site par l&#8217;Utilisateur implique acceptation int\u00e9grale et sans r\u00e9serve des pr\u00e9sentes mentions l\u00e9gales.<\/p>\n<p>Ces derni\u00e8res sont accessibles sur le Site \u00e0 la rubrique &#8220;Mentions l\u00e9gales&#8221;<\/p>\n<\/p>\n<\/p>\n<h1>Article 1 &#8211; L&#8217;\u00c9DITEUR<\/h1>\n<div class=\"uk-panel uk-margin\">\n<p><span>Le directeur de la publication est l&#8217;association &#8220;les amis de Saint-Quay-Portrieux&#8221; dont le si\u00e8ge social se situe 10 rue de la Victoire \u00e0 Saint-Quay-Portrieux (22410).<\/span><br \/>ci-apr\u00e8s l&#8217; &#8220;Editeur&#8221;<\/p>\n<\/div>\n<h1>Article 2 &#8211; L&#8217;H\u00c9BERGEUR<\/h1>\n<div class=\"uk-panel uk-margin\">\n<p>L&#8217;h\u00e9bergeur de du site net la soci\u00e9t\u00e9 &#8220;Infomaniak Network SA&#8221;, dont le si\u00e8ge social est situ\u00e9 Rue Eug\u00e8ne Marziano 25 &#8211;\u00a01227 Les Acacias (GE)<\/p>\n<\/div>\n<h1>Article 3 &#8211; ACC\u00c8S AU SITE<\/h1>\n<p>Le Site est accessible en tout endroit, 7J\/7, 24h\/24 sauf cas de force majeure, interruption programm\u00e9e ou non et pouvant d\u00e9coulant d&#8217;une n\u00e9cessit\u00e9 de maintenance.<\/p>\n<p>En cas de modification, interruption ou suspension du Site, l&#8217;Editeur ne saurait \u00eatre tenu responsable.<\/p>\n<\/p>\n<h1>Article 4 &#8211; COLLECTE DES DONN\u00c9ES<\/h1>\n<p>Le site est exempt\u00e9 de d\u00e9claration \u00e0 la Commission Nationale Informatique et Libert\u00e9s (CNIL) dans la mesure o\u00f9 il ne collecte aucune donn\u00e9e concernant les utilisateurs.<\/p>\n<\/p>\n<h1>Article 5 &#8211; DROITS D&#8217;AUTEURS<\/h1>\n<p>Toute utilisation, reproduction, diffusion, commercialisation, modification de toute ou partie du Site, sans autorisation de l&#8217;Editeur est prohib\u00e9e et pourra entra\u00een\u00e9e des actions et poursuites judiciaires telles que notamment pr\u00e9vues par le Code de la propri\u00e9t\u00e9 intellectuelle et le Code civil.<\/p>\n<div class=\"uk-panel uk-margin\">\n<\/div>\n<\/div>\n<p><!--more--><br \/>\n<!-- {\"type\":\"layout\",\"children\":[{\"type\":\"section\",\"props\":{\"image_position\":\"center-center\",\"style\":\"default\",\"title_breakpoint\":\"xl\",\"title_position\":\"top-left\",\"title_rotation\":\"left\",\"vertical_align\":\"middle\",\"width\":\"default\"},\"children\":[{\"type\":\"row\",\"children\":[{\"type\":\"column\",\"props\":{\"image_position\":\"center-center\",\"position_sticky_breakpoint\":\"m\"},\"children\":[{\"type\":\"headline\",\"props\":{\"content\":\"Mentions l\\u00e9gales\",\"title_element\":\"h1\"}},{\"type\":\"text\",\"props\":{\"column_breakpoint\":\"m\",\"content\":\"\n\n<div class=\\\"uk-panel uk-margin\\\">\\n\n\n<p>Conform\\u00e9ment aux dispositions des Articles 6-lll et 19 de la Loi n\\u00b02004-575 du 21 juin 2004 pour la Confiance dans l'\\u00e9conomie num\\u00e9rique, dite L.C.E.N., il est port\\u00e9 \\u00e0 la connaissance des utilisateurs et visiteurs, ci-apr\\u00e8s l' \\\"Utilisateur\\\", du site casqp.fr, ci-apr\\u00e8s le \\\"Site\\\", les pr\\u00e9sentes mentions l\\u00e9gales.<\\\/p>\\n<\\\/div>\\n\n\n<p>La connexion et la navigation sur le Site par l'Utilisateur implique acceptation int\\u00e9grale et sans r\\u00e9serve des pr\\u00e9sentes mentions l\\u00e9gales.<\\\/p>\\n\n\n<p>Ces derni\\u00e8res sont accessibles sur le Site \\u00e0 la rubrique \\\"Mentions l\\u00e9gales\\\"<\\\/p>\\n\n\n<p><\\\/p>\\n\n\n<p><\\\/p>\\n\n\n<p><\\\/p>\\n\n\n<p><\\\/p>\\n\n\n<h1>Article 1 - L'\\u00c9DITEUR<\\\/h1>\\n\n\n<div class=\\\"uk-panel uk-margin\\\">\\n\n\n<p><span>Le directeur de la publication est l'association \\\"les amis de Saint-Quay-Portrieux\\\" dont le si\\u00e8ge social se situe 10 rue de la Victoire \\u00e0 Saint-Quay-Portrieux (22410).<\\\/span><br \\\/>ci-apr\\u00e8s l' \\\"Editeur\\\"<\\\/p>\\n<\\\/div>\\n\n\n<h1>Article 2 - L'H\\u00c9BERGEUR<\\\/h1>\\n\n\n<div class=\\\"uk-panel uk-margin\\\">\\n\n\n<p>L'h\\u00e9bergeur de du site net la soci\\u00e9t\\u00e9 \\\"Infomaniak Network SA\\\", dont le si\\u00e8ge social est situ\\u00e9 Rue Eug\\u00e8ne Marziano 25 -\\u00a01227 Les Acacias (GE)<\\\/p>\\n<\\\/div>\\n\n\n<h1>Article 3 - ACC\\u00c8S AU SITE<\\\/h1>\\n\n\n<p>Le Site est accessible en tout endroit, 7J\\\/7, 24h\\\/24 sauf cas de force majeure, interruption programm\\u00e9e ou non et pouvant d\\u00e9coulant d'une n\\u00e9cessit\\u00e9 de maintenance.<\\\/p>\\n\n\n<p>En cas de modification, interruption ou suspension du Site, l'Editeur ne saurait \\u00eatre tenu responsable.<\\\/p>\\n\n\n<p><\\\/p>\\n\n\n<h1>Article 4 - COLLECTE DES DONN\\u00c9ES<\\\/h1>\\n\n\n<p>Le site est exempt\\u00e9 de d\\u00e9claration \\u00e0 la Commission Nationale Informatique et Libert\\u00e9s (CNIL) dans la mesure o\\u00f9 il ne collecte aucune donn\\u00e9e concernant les utilisateurs.<\\\/p>\\n\n\n<p><\\\/p>\\n\n\n<h1>Article 5 - DROITS D'AUTEURS<\\\/h1>\\n\n\n<p>Toute utilisation, reproduction, diffusion, commercialisation, modification de toute ou partie du Site, sans autorisation de l'Editeur est prohib\\u00e9e et pourra entra\\u00een\\u00e9e des actions et poursuites judiciaires telles que notamment pr\\u00e9vues par le Code de la propri\\u00e9t\\u00e9 intellectuelle et le Code civil.<\\\/p>\\n\n\n<div class=\\\"uk-panel uk-margin\\\">\\n\n\n<p><\\\/p>\\n<\\\/div>\",\"margin\":\"default\"}}]}]}]}],\"version\":\"4.2.11\"} --><\/p>\n","protected":false},"excerpt":{"rendered":"<p>Mentions l\u00e9gales Conform\u00e9ment aux dispositions des Articles 6-lll et 19 de la Loi n\u00b02004-575 du 21 juin 2004 pour la Confiance dans l&#8217;\u00e9conomie num\u00e9rique, dite L.C.E.N., il est port\u00e9 \u00e0 la connaissance des utilisateurs et visiteurs, ci-apr\u00e8s l&#8217; &#8220;Utilisateur&#8221;, du site casqp.fr, ci-apr\u00e8s le &#8220;Site&#8221;, les pr\u00e9sentes mentions l\u00e9gales. La connexion et la navigation sur [&hellip;]<\/p>\n","protected":false},"author":1,"featured_media":0,"parent":0,"menu_order":0,"comment_status":"closed","ping_status":"closed","template":"","meta":{"footnotes":""},"class_list":["post-1782","page","type-page","status-publish","hentry"],"_links":{"self":[{"href":"https:\/\/casqp.fr\/en\/wp-json\/wp\/v2\/pages\/1782","targetHints":{"allow":["GET"]}}],"collection":[{"href":"https:\/\/casqp.fr\/en\/wp-json\/wp\/v2\/pages"}],"about":[{"href":"https:\/\/casqp.fr\/en\/wp-json\/wp\/v2\/types\/page"}],"author":[{"embeddable":true,"href":"https:\/\/casqp.fr\/en\/wp-json\/wp\/v2\/users\/1"}],"replies":[{"embeddable":true,"href":"https:\/\/casqp.fr\/en\/wp-json\/wp\/v2\/comments?post=1782"}],"version-history":[{"count":10,"href":"https:\/\/casqp.fr\/en\/wp-json\/wp\/v2\/pages\/1782\/revisions"}],"predecessor-version":[{"id":1792,"href":"https:\/\/casqp.fr\/en\/wp-json\/wp\/v2\/pages\/1782\/revisions\/1792"}],"wp:attachment":[{"href":"https:\/\/casqp.fr\/en\/wp-json\/wp\/v2\/media?parent=1782"}],"curies":[{"name":"wp","href":"https:\/\/api.w.org\/{rel}","templated":true}]}}