{"id":1965,"date":"2024-01-04T12:49:49","date_gmt":"2024-01-04T11:49:49","guid":{"rendered":"https:\/\/casqp.fr\/?page_id=1965"},"modified":"2024-04-22T16:26:58","modified_gmt":"2024-04-22T14:26:58","slug":"lavoir_de_la_barrique-lessive","status":"publish","type":"page","link":"https:\/\/casqp.fr\/en\/lavoir_de_la_barrique-lessive\/","title":{"rendered":"Le lavoir de la Barrique\u00a0\u2013 La grande lessive : La \"bu\u00e9e\""},"content":{"rendered":"<p><a href=\"\/lavoir_de_la_barrique\/\">[close]<\/a><\/p>\n<hr>\n<h1>\n<p>La grande lessive : la &#8220;bu\u00e9e&#8221;<\/p>\n<\/h1>\n<p><img decoding=\"async\" src=\"\/wp-content\/uploads\/2024\/01\/photo-brouette.jpg\" alt=\"\"><\/p>\n<h4>La lessive de &#8220;blanc&#8221;<\/h4>\n<div>\n<p>Les grandes lessives d&#8217;autrefois s&#8217;effectuaient g\u00e9n\u00e9ralement aux \u00e9poques o\u00f9 il y avait moins de travaux aux champs, au printemps et \u00e0 l&#8217;automne. Draps, chemises, torchons mouchoirs\u2026 qui s&#8217;\u00e9taient accumul\u00e9s au fil des mois \u00e9taient trait\u00e9s ensemble. Ces grandes lessives de blanc duraient plusieurs jours et c&#8217;\u00e9tait l&#8217;occasion de s&#8217;entraider entre voisines.<\/p>\n<p>De petites lessives avaient lieu une fois par semaine pour le reste du linge et les v\u00eatements et lainages plus fragiles.<span class=\"Apple-converted-space\">\u00a0<\/span><\/p>\n<p>Les laveuses professionnelles, elles, allaient au lavoir quotidiennement et traitaient le linge des maisons particuli\u00e8res et des h\u00f4tels et pensions de famille.<\/p>\n<p>Une lessive de &#8220;blanc&#8221; se d\u00e9roulait en plusieurs temps :<\/p>\n<ul>\n<li>Draps, serviettes, chemises \u00e9taient tremp\u00e9s \u00e0 l&#8217;eau froide pour faciliter le lavage puis savonn\u00e9s, bross\u00e9s et battus pour un premier d\u00e9crassage.<\/li>\n<li>Puis le linge mouill\u00e9 \u00e9tait ramen\u00e9 \u00e0 la maison avec la brouette pour \u00eatre mis \u00e0 bouillir, dans les temps anciens dans de grandes cuves dans lesquelles on versait de l&#8217;eau bouillante, puis dans des lessiveuses pr\u00e9par\u00e9es sur un r\u00e9chaud g\u00e9n\u00e9ralement install\u00e9 dans la cour de la maison. On y ajoutait des copeaux de savon et de la cendre. (M\u00e9lang\u00e9e \u00e0 de l&#8217;eau et filtr\u00e9e, la cendre de bois, gr\u00e2ce \u00e0 la potasse qu&#8217;elle contient, constitue un d\u00e9tergent naturel efficace).<\/li>\n<li>Apr\u00e8s quelques heures de lessive, le linge bouilli \u00e9tait sorti avec un b\u00e2ton pour ne pas se br\u00fbler. Il \u00e9tait directement mis dans la brouette pour repartir au lavoir o\u00f9 il \u00e9tait rinc\u00e9 et essor\u00e9.<span class=\"Apple-converted-space\">\u00a0<\/span><\/li>\n<li>Souvent pr\u00e8s du lavoir, des fils \u00e0 linge permettaient de mettre le linge \u00e0 \u00e9goutter.<\/li>\n<li>Enfin, le linge \u00e9tait ramen\u00e9 \u00e0 la maison pour finir de s\u00e9cher \u00e0 l&#8217;air libre.<\/li>\n<\/ul>\n<p>Les laveuses parcouraient donc quatre fois le chemin du lavoir en poussant leur brouette lourdement charg\u00e9e\u2026<\/p>\n<\/div>\n<p><img decoding=\"async\" src=\"\/wp-content\/uploads\/2024\/01\/lavandiere-rouge.jpg\" alt=\"Chapelle Sainte-Anne Saint-Quay-Portrieux\"><br \/>\n<img decoding=\"async\" src=\"\/wp-content\/uploads\/2024\/01\/lavandiere-bleu.jpg\" alt=\"Chapelle Sainte-Anne Saint-Quay-Portrieux\"><\/p>\n<h4>Le mat\u00e9riel de la laveuse<\/h4>\n<div>\n<p>        <img decoding=\"async\" src=\"\/wp-content\/uploads\/2024\/01\/ensemble-du-materiel.jpg\" alt=\"\"><\/p>\n<div>\n<p>La &#8220;boite&#8221; pour se prot\u00e9ger des \u00e9claboussures, garnie de paille ou de chiffons pour soulager les genoux.<\/p>\n<p>Les battoirs permettaient de battre le linge, de chasser l&#8217;eau et d&#8217;essorer le linge.<br \/>Les laveuses se servaient \u00e9galement de brosses et rassemblaient le linge dans des baquets en bois.<\/p>\n<p>De grandes cuves, et plus tard des lessiveuses servaient \u00e0 faire bouillir le linge.<\/p>\n<\/div>\n<\/div>\n<p><img decoding=\"async\" src=\"\/wp-content\/uploads\/2024\/01\/carosse-1.jpg\" alt=\"\"><\/p>\n<div>\n<p>        <img decoding=\"async\" src=\"\/wp-content\/uploads\/2024\/01\/lavoir-brouette.jpg\" alt=\"\"><\/p>\n<div>\n<p>La brouette \u00e0 claire-voie, appel\u00e9e &#8220;berouette&#8221;, pour transporter le linge.<\/p>\n<\/div>\n<\/div>\n<div>\n<p>        <img decoding=\"async\" src=\"\/wp-content\/uploads\/2024\/01\/MA4.jpg\" alt=\"\"><\/p>\n<\/div>\n<div>\n<p>        <img decoding=\"async\" src=\"\/wp-content\/uploads\/2024\/01\/lavoir-bleu-guimet-2.jpg\" alt=\"\"><\/p>\n<div>\n<p>On savonnait bien entendu pour d\u00e9crasser le linge. Lors du rin\u00e7age, l&#8217;usage du &#8220;bleu&#8221; donnait un \u00e9clat particulier au linge blanc.<span class=\"Apple-converted-space\">\u00a0<\/span><\/p>\n<\/div>\n<\/div>\n<p><a href=\"\/lavoir_de_la_barrique\/\">[close]<\/a><\/p>\n<p><!--more--><br \/>\n<!-- {\"type\":\"layout\",\"children\":[{\"type\":\"section\",\"props\":{\"image_position\":\"center-center\",\"padding\":\"small\",\"padding_remove_bottom\":false,\"style\":\"default\",\"title_breakpoint\":\"xl\",\"title_position\":\"top-left\",\"title_rotation\":\"left\",\"vertical_align\":\"middle\",\"width\":\"default\"},\"children\":[{\"type\":\"row\",\"props\":{\"layout\":\"4-5,1-5\"},\"children\":[{\"type\":\"column\",\"props\":{\"image_position\":\"center-center\",\"position_sticky_breakpoint\":\"m\",\"width_default\":\"4-5\",\"width_medium\":\"4-5\"},\"children\":[{\"type\":\"module\",\"props\":{\"menu_image_align\":\"center\",\"menu_image_margin\":true,\"menu_style\":\"default\",\"menu_type\":\"nav\",\"type\":\"falang\",\"widget\":\"falang-6\"}}]},{\"type\":\"column\",\"props\":{\"image_position\":\"center-center\",\"position_sticky_breakpoint\":\"m\",\"vertical_align\":\"middle\",\"width_default\":\"1-5\",\"width_medium\":\"1-5\"},\"children\":[{\"type\":\"icon\",\"props\":{\"icon\":\"close\",\"icon_width\":\"45\",\"link\":\"lavoir_de_la_barrique\\\/\",\"margin\":\"default\",\"text_align\":\"right\"}}]}]}],\"name\":\"HAUT\"},{\"type\":\"section\",\"props\":{\"image_position\":\"center-center\",\"padding_remove_bottom\":true,\"padding_remove_top\":true,\"style\":\"default\",\"title_breakpoint\":\"xl\",\"title_position\":\"top-left\",\"title_rotation\":\"left\",\"vertical_align\":\"middle\",\"width\":\"default\"},\"children\":[{\"type\":\"row\",\"children\":[{\"type\":\"column\",\"props\":{\"image_position\":\"center-center\",\"position_sticky_breakpoint\":\"m\"},\"children\":[{\"type\":\"divider\",\"props\":{\"divider_element\":\"hr\"}},{\"type\":\"headline\",\"props\":{\"content\":\"\n\n<p>La grande lessive : la \\\"bu\\u00e9e\\\"<\\\/p>\",\"content_en_gb\":\"The big wash : The \\\"Bu\\u00e9e\\\"\",\"title_element\":\"h1\"}},{\"type\":\"image\",\"props\":{\"image\":\"wp-content\\\/uploads\\\/2024\\\/01\\\/photo-brouette.jpg\",\"image_svg_color\":\"emphasis\",\"margin\":\"default\"}}]}]}],\"name\":\"LA GRANDE LESSIVE\"},{\"type\":\"section\",\"props\":{\"image_position\":\"center-center\",\"style\":\"default\",\"title_breakpoint\":\"xl\",\"title_position\":\"top-left\",\"title_rotation\":\"left\",\"vertical_align\":\"middle\",\"width\":\"default\"},\"children\":[{\"type\":\"row\",\"props\":{\"layout\":\"3-5,2-5\"},\"children\":[{\"type\":\"column\",\"props\":{\"image_position\":\"center-center\",\"position_sticky_breakpoint\":\"m\",\"width_medium\":\"3-5\"},\"children\":[{\"type\":\"headline\",\"props\":{\"content\":\"La lessive de \\\"blanc\\\"\",\"content_en_gb\":\"\\\"White\\\" washing\",\"title_element\":\"h4\"}},{\"type\":\"text\",\"props\":{\"column_breakpoint\":\"m\",\"content\":\"\n\n<p>Les grandes lessives d'autrefois s'effectuaient g\\u00e9n\\u00e9ralement aux \\u00e9poques o\\u00f9 il y avait moins de travaux aux champs, au printemps et \\u00e0 l'automne. Draps, chemises, torchons mouchoirs\\u2026 qui s'\\u00e9taient accumul\\u00e9s au fil des mois \\u00e9taient trait\\u00e9s ensemble. Ces grandes lessives de blanc duraient plusieurs jours et c'\\u00e9tait l'occasion de s'entraider entre voisines.<\\\/p>\\n\n\n<p>De petites lessives avaient lieu une fois par semaine pour le reste du linge et les v\\u00eatements et lainages plus fragiles.<span class=\\\"Apple-converted-space\\\">\\u00a0<\\\/span><\\\/p>\\n\n\n<p>Les laveuses professionnelles, elles, allaient au lavoir quotidiennement et traitaient le linge des maisons particuli\\u00e8res et des h\\u00f4tels et pensions de famille.<\\\/p>\\n\n\n<p>Une lessive de \\\"blanc\\\" se d\\u00e9roulait en plusieurs temps :<\\\/p>\\n\n\n<ul>\\n\n\n<li>Draps, serviettes, chemises \\u00e9taient tremp\\u00e9s \\u00e0 l'eau froide pour faciliter le lavage puis savonn\\u00e9s, bross\\u00e9s et battus pour un premier d\\u00e9crassage.<\\\/li>\\n\n\n<li>Puis le linge mouill\\u00e9 \\u00e9tait ramen\\u00e9 \\u00e0 la maison avec la brouette pour \\u00eatre mis \\u00e0 bouillir, dans les temps anciens dans de grandes cuves dans lesquelles on versait de l'eau bouillante, puis dans des lessiveuses pr\\u00e9par\\u00e9es sur un r\\u00e9chaud g\\u00e9n\\u00e9ralement install\\u00e9 dans la cour de la maison. On y ajoutait des copeaux de savon et de la cendre. (M\\u00e9lang\\u00e9e \\u00e0 de l'eau et filtr\\u00e9e, la cendre de bois, gr\\u00e2ce \\u00e0 la potasse qu'elle contient, constitue un d\\u00e9tergent naturel efficace).<\\\/li>\\n\n\n<li>Apr\\u00e8s quelques heures de lessive, le linge bouilli \\u00e9tait sorti avec un b\\u00e2ton pour ne pas se br\\u00fbler. Il \\u00e9tait directement mis dans la brouette pour repartir au lavoir o\\u00f9 il \\u00e9tait rinc\\u00e9 et essor\\u00e9.<span class=\\\"Apple-converted-space\\\">\\u00a0<\\\/span><\\\/li>\\n\n\n<li>Souvent pr\\u00e8s du lavoir, des fils \\u00e0 linge permettaient de mettre le linge \\u00e0 \\u00e9goutter.<\\\/li>\\n\n\n<li>Enfin, le linge \\u00e9tait ramen\\u00e9 \\u00e0 la maison pour finir de s\\u00e9cher \\u00e0 l'air libre.<\\\/li>\\n<\\\/ul>\\n\n\n<p>Les laveuses parcouraient donc quatre fois le chemin du lavoir en poussant leur brouette lourdement charg\\u00e9e\\u2026<\\\/p>\",\"content_en_gb\":\"\n\n<p>The big washes of yesteryear were generally done when there was less work in the fields, in spring and autumn. Sheets, shirts, tea towels, handkerchiefs... that had accumulated over the months were treated together. These big white washes lasted several days and were an opportunity for neighbours to help each other.<\\\/p>\\n\n\n<p>Smaller washes were done once a week for the rest of the laundry and the more fragile clothes and woollens.<\\\/p>\\n\n\n<p>The professional washerwomen, on the other hand, went to the laundrette every day to wash the clothes of private homes, hotels and boarding houses.<\\\/p>\\n\n\n<p>A \\\"white\\\" washing consisted of several stages:<\\\/p>\\n\n\n<p>Sheets, towels and shirts were soaked in cold water to make them easier to wash, then soaped, brushed and beaten to remove the dirt.<br \\\/>The wet linen was then taken home with the wheelbarrow to be boiled, in the old days in large vats into which boiling water was poured, and then in washing pans prepared on a stove usually set up in the courtyard of the house. Soap shavings and wood ash were added (mixed with water and filtered, wood ash contains potash, making it an effective natural detergent).<br \\\/>After a few hours of washing, the boiled linen was taken out with a stick to avoid burning. It was then put directly into the wheelbarrow and sent back to the washhouse, where it was rinsed and dried.<\\\/p>\\n\n\n<p>Clotheslines were often set up near the washhouse to allow the washing to drain.<br \\\/>Finally, the washing was taken home to finish drying in the open air.<br \\\/>The washerwomen had to make four trips to the washhouse, pushing their heavily laden wheelbarrows...<\\\/p>\",\"margin\":\"default\"}}]},{\"type\":\"column\",\"props\":{\"image_position\":\"center-center\",\"position_sticky_breakpoint\":\"m\",\"width_medium\":\"2-5\"},\"children\":[{\"type\":\"image\",\"props\":{\"image\":\"wp-content\\\/uploads\\\/2024\\\/01\\\/lavandiere-rouge.jpg\",\"image_alt\":\"Chapelle Sainte-Anne Saint-Quay-Portrieux\",\"image_svg_color\":\"emphasis\",\"margin\":\"default\"}},{\"type\":\"image\",\"props\":{\"image\":\"wp-content\\\/uploads\\\/2024\\\/01\\\/lavandiere-bleu.jpg\",\"image_alt\":\"Chapelle Sainte-Anne Saint-Quay-Portrieux\",\"image_svg_color\":\"emphasis\",\"margin\":\"default\"}}]}]},{\"type\":\"row\",\"children\":[{\"type\":\"column\",\"props\":{\"image_position\":\"center-center\",\"position_sticky_breakpoint\":\"m\"},\"children\":[{\"type\":\"headline\",\"props\":{\"content\":\"Le mat\\u00e9riel de la laveuse\",\"content_en_gb\":\"the washerwoman's equipment\",\"title_element\":\"h4\"}}]}]},{\"type\":\"row\",\"props\":{\"layout\":\"1-3,1-3,1-3\"},\"children\":[{\"type\":\"column\",\"props\":{\"image_position\":\"center-center\",\"position_sticky_breakpoint\":\"m\",\"width_medium\":\"1-3\"},\"children\":[{\"type\":\"panel\",\"props\":{\"content\":\"\n\n<p>La \\\"boite\\\" pour se prot\\u00e9ger des \\u00e9claboussures, garnie de paille ou de chiffons pour soulager les genoux.<\\\/p>\\n\n\n<p>Les battoirs permettaient de battre le linge, de chasser l'eau et d'essorer le linge.<br \\\/>Les laveuses se servaient \\u00e9galement de brosses et rassemblaient le linge dans des baquets en bois.<\\\/p>\\n\n\n<p>De grandes cuves, et plus tard des lessiveuses servaient \\u00e0 faire bouillir le linge.<\\\/p>\",\"content_column_breakpoint\":\"m\",\"content_en_gb\":\"\n\n<p>The \\\"box\\\" to protect against splashes, lined with straw or rags to ease the knees.<\\\/p>\\n\n\n<p>Beaters were used to beat the linen, remove the water and spin it out.<br \\\/>The washerwomen also used brushes and collected the washing in wooden tubs.<\\\/p>\\n\n\n<p>Large vats, and later laundry tubs, were used to boil the linen.<\\\/p>\",\"icon_width\":80,\"image\":\"wp-content\\\/uploads\\\/2024\\\/01\\\/ensemble-du-materiel.jpg\",\"image_align\":\"top\",\"image_grid_breakpoint\":\"m\",\"image_grid_width\":\"1-2\",\"image_svg_color\":\"emphasis\",\"link_style\":\"default\",\"link_text\":\"Read more\",\"margin\":\"default\",\"meta_align\":\"below-title\",\"meta_element\":\"div\",\"meta_style\":\"text-meta\",\"title_align\":\"top\",\"title_element\":\"h3\",\"title_grid_breakpoint\":\"m\",\"title_grid_width\":\"1-2\",\"title_hover_style\":\"reset\"}},{\"type\":\"image\",\"props\":{\"image\":\"wp-content\\\/uploads\\\/2024\\\/01\\\/carosse-1.jpg\",\"image_svg_color\":\"emphasis\",\"image_width\":\"400\",\"margin\":\"default\"}}]},{\"type\":\"column\",\"props\":{\"image_position\":\"center-center\",\"position_sticky_breakpoint\":\"m\",\"width_medium\":\"1-3\"},\"children\":[{\"type\":\"panel\",\"props\":{\"content\":\"\n\n<p>La brouette \\u00e0 claire-voie, appel\\u00e9e \\\"berouette\\\", pour transporter le linge.<\\\/p>\",\"content_column_breakpoint\":\"m\",\"content_en_gb\":\"\n\n<p>The \\\"berouette\\\" wheelbarrow for transporting laundry<\\\/p>\",\"icon_width\":80,\"image\":\"wp-content\\\/uploads\\\/2024\\\/01\\\/lavoir-brouette.jpg\",\"image_align\":\"top\",\"image_grid_breakpoint\":\"m\",\"image_grid_width\":\"1-2\",\"image_svg_color\":\"emphasis\",\"link_style\":\"default\",\"link_text\":\"Read more\",\"margin\":\"default\",\"meta_align\":\"below-title\",\"meta_element\":\"div\",\"meta_style\":\"text-meta\",\"title_align\":\"top\",\"title_element\":\"h3\",\"title_grid_breakpoint\":\"m\",\"title_grid_width\":\"1-2\",\"title_hover_style\":\"reset\"}},{\"type\":\"panel\",\"props\":{\"content\":\"\",\"content_column_breakpoint\":\"m\",\"icon_width\":80,\"image\":\"wp-content\\\/uploads\\\/2024\\\/01\\\/MA4.jpg\",\"image_align\":\"top\",\"image_grid_breakpoint\":\"m\",\"image_grid_width\":\"1-2\",\"image_svg_color\":\"emphasis\",\"link_style\":\"default\",\"link_text\":\"Read more\",\"margin\":\"default\",\"meta_align\":\"below-title\",\"meta_element\":\"div\",\"meta_style\":\"text-meta\",\"title_align\":\"top\",\"title_element\":\"h3\",\"title_grid_breakpoint\":\"m\",\"title_grid_width\":\"1-2\",\"title_hover_style\":\"reset\"}}]},{\"type\":\"column\",\"props\":{\"image_position\":\"center-center\",\"position_sticky_breakpoint\":\"m\",\"width_medium\":\"1-3\"},\"children\":[{\"type\":\"panel\",\"props\":{\"content\":\"\n\n<p>On savonnait bien entendu pour d\\u00e9crasser le linge. Lors du rin\\u00e7age, l'usage du \\\"bleu\\\" donnait un \\u00e9clat particulier au linge blanc.<span class=\\\"Apple-converted-space\\\">\\u00a0<\\\/span><\\\/p>\",\"content_column_breakpoint\":\"m\",\"content_en_gb\":\"\n\n<p>Soap was of course used to clean the linen. When rinsing, the use of \\\"blue\\\" gave a special shine to white linen.<\\\/p>\",\"icon_width\":80,\"image\":\"wp-content\\\/uploads\\\/2024\\\/01\\\/lavoir-bleu-guimet-2.jpg\",\"image_align\":\"top\",\"image_grid_breakpoint\":\"m\",\"image_grid_width\":\"1-2\",\"image_svg_color\":\"emphasis\",\"link_style\":\"default\",\"link_text\":\"Read more\",\"margin\":\"default\",\"meta_align\":\"below-title\",\"meta_element\":\"div\",\"meta_style\":\"text-meta\",\"title_align\":\"top\",\"title_element\":\"h3\",\"title_grid_breakpoint\":\"m\",\"title_grid_width\":\"1-2\",\"title_hover_style\":\"reset\"}}]}]}],\"name\":\"LA LESSIVE DE BLANC\"},{\"type\":\"section\",\"props\":{\"image_position\":\"center-center\",\"padding\":\"xsmall\",\"padding_remove_bottom\":false,\"style\":\"default\",\"title_breakpoint\":\"xl\",\"title_position\":\"top-left\",\"title_rotation\":\"left\",\"vertical_align\":\"middle\",\"width\":\"default\"},\"children\":[{\"type\":\"row\",\"props\":{\"layout\":\"4-5,1-5\"},\"children\":[{\"type\":\"column\",\"props\":{\"image_position\":\"center-center\",\"position_sticky_breakpoint\":\"m\",\"width_default\":\"4-5\",\"width_medium\":\"4-5\"}},{\"type\":\"column\",\"props\":{\"image_position\":\"center-center\",\"position_sticky_breakpoint\":\"m\",\"vertical_align\":\"middle\",\"width_default\":\"1-5\",\"width_medium\":\"1-5\"},\"children\":[{\"type\":\"icon\",\"props\":{\"icon\":\"close\",\"icon_width\":\"45\",\"link\":\"lavoir_de_la_barrique\\\/\",\"margin\":\"default\",\"text_align\":\"right\"}}]}]}],\"name\":\"BAS\"}],\"version\":\"4.3.8\"} --><\/p>\n","protected":false},"excerpt":{"rendered":"<p>[close] La grande lessive : la &#8220;bu\u00e9e&#8221; La lessive de &#8220;blanc&#8221; Les grandes lessives d&#8217;autrefois s&#8217;effectuaient g\u00e9n\u00e9ralement aux \u00e9poques o\u00f9 il y avait moins de travaux aux champs, au printemps et \u00e0 l&#8217;automne. Draps, chemises, torchons mouchoirs\u2026 qui s&#8217;\u00e9taient accumul\u00e9s au fil des mois \u00e9taient trait\u00e9s ensemble. Ces grandes lessives de blanc duraient plusieurs jours [&hellip;]<\/p>\n","protected":false},"author":1,"featured_media":0,"parent":0,"menu_order":0,"comment_status":"closed","ping_status":"closed","template":"","meta":{"footnotes":""},"class_list":["post-1965","page","type-page","status-publish","hentry"],"_links":{"self":[{"href":"https:\/\/casqp.fr\/en\/wp-json\/wp\/v2\/pages\/1965","targetHints":{"allow":["GET"]}}],"collection":[{"href":"https:\/\/casqp.fr\/en\/wp-json\/wp\/v2\/pages"}],"about":[{"href":"https:\/\/casqp.fr\/en\/wp-json\/wp\/v2\/types\/page"}],"author":[{"embeddable":true,"href":"https:\/\/casqp.fr\/en\/wp-json\/wp\/v2\/users\/1"}],"replies":[{"embeddable":true,"href":"https:\/\/casqp.fr\/en\/wp-json\/wp\/v2\/comments?post=1965"}],"version-history":[{"count":39,"href":"https:\/\/casqp.fr\/en\/wp-json\/wp\/v2\/pages\/1965\/revisions"}],"predecessor-version":[{"id":3447,"href":"https:\/\/casqp.fr\/en\/wp-json\/wp\/v2\/pages\/1965\/revisions\/3447"}],"wp:attachment":[{"href":"https:\/\/casqp.fr\/en\/wp-json\/wp\/v2\/media?parent=1965"}],"curies":[{"name":"wp","href":"https:\/\/api.w.org\/{rel}","templated":true}]}}