{"id":2475,"date":"2024-02-01T17:09:10","date_gmt":"2024-02-01T16:09:10","guid":{"rendered":"https:\/\/casqp.fr\/?page_id=2475"},"modified":"2025-06-19T16:35:41","modified_gmt":"2025-06-19T14:35:41","slug":"fontaine_saint-quay-armorique","status":"publish","type":"page","link":"https:\/\/casqp.fr\/en\/fontaine_saint-quay-armorique\/","title":{"rendered":"La fontaine Saint-Quay - L'armorique des premiers si\u00e8cles"},"content":{"rendered":"<p><a href=\"\/fontaine_saint-quay\/\">[close]<\/a><\/p>\n<hr>\n<h1>L&#8217;Armorique des premiers si\u00e8cles<\/h1>\n<p><img decoding=\"async\" src=\"\/wp-content\/uploads\/2024\/02\/19-Statere-dor-des-Venetes.jpg\" alt=\"\"><\/p>\n<div>\n<h6 style=\"text-align: center;\"><i>monnaie v\u00e9n\u00e8te<\/i><\/h6>\n<\/div>\n<hr>\n<h1>Avant la Bretagne, l&#8217;Armorique<\/h1>\n<p><img decoding=\"async\" src=\"\/wp-content\/uploads\/2024\/02\/armorique-romaine.jpg\" alt=\"\"><\/p>\n<div>\n<p>Avant de s\u2019appeler la Bretagne, notre p\u00e9ninsule portait le nom d\u2019Armorique.<\/p>\n<p>L\u2019Armorique de l\u2019antiquit\u00e9 tardive et du Haut Moyen-\u00c2ge garde son myst\u00e8re. Pas de sources documentaires \u00e9crites, peu d\u2019indications arch\u00e9ologiques, seulement des hypoth\u00e8ses.<\/p>\n<p>Dans les premiers si\u00e8cles de notre \u00e8re, de part et d\u2019autre de la Manche, en Armorique et en Bretagne insulaire (aujourd\u2019hui l\u2019Angleterre) vivaient des peuples celtes aux modes de vie semblables et aux langues proches, le britton en Bretagne insulaire, la langue celte gauloise en Armorique.<\/p>\n<\/div>\n<p><img decoding=\"async\" src=\"\/wp-content\/uploads\/2024\/02\/grand-curragh.jpg\" alt=\"\"><br \/>\n<img decoding=\"async\" src=\"\/wp-content\/uploads\/2024\/02\/Curragh_Petitjean.jpg\" alt=\"\"><\/p>\n<div>\n<p>La conqu\u00eate romaine de l&#8217;Armorique d\u00e9buta sous C\u00e9sar en 50 avant JC, celle de la Bretagne insulaire un si\u00e8cle plus tard, intensifiant les \u00e9changes commerciaux, culturels et m\u00eame religieux entre les deux rives de la Manche. La travers\u00e9e s&#8217;effectuait, semble-t-il, assez ais\u00e9ment par beau temps en un jour et une nuit, \u00e0 la rame et \u00e0 la voile, dans des petites embarcations de bois et de peaux tendues, appel\u00e9es &#8220;curragh&#8221; lest\u00e9es d&#8217;une grosse pierre dans laquelle le m\u00e2t s&#8217;encastrait, ou dans de plus grands navires de ch\u00eane permettant de transporter hommes et marchandises.<\/p>\n<\/div>\n<div>\n<p>La pr\u00e9sence romaine en Armorique \u00e9tait l\u00e9g\u00e8re. Dans les villes, peu nombreuses, les \u00e9lites romanis\u00e9es parlaient latin et quelques petites communaut\u00e9s chr\u00e9tiennes existaient. Mais les campagnes \u00e9taient rest\u00e9es gauloises et attach\u00e9es \u00e0 l&#8217;ancienne religion celtique. Gr\u00e2ce \u00e0 la stabilit\u00e9 politique, une certaine prosp\u00e9rit\u00e9 r\u00e9gna jusqu&#8217;au milieu du 3<span><sup>e<\/sup><\/span> si\u00e8cle.<span class=\"Apple-converted-space\">\u00a0<\/span><\/p>\n<\/div>\n<p><img decoding=\"async\" src=\"\/wp-content\/uploads\/2024\/02\/Bretagne-insulaire-romaine.jpg\" alt=\"\"><\/p>\n<h1>\n<p>Arriv\u00e9e des brittons au 5<sup>e<\/sup> si\u00e8cle<\/p>\n<\/h1>\n<div>\n<p>Deux si\u00e8cles plus tard, La Bretagne insulaire \u00e9tait d\u00e9j\u00e0 christianis\u00e9e. En Armorique, la p\u00e9n\u00e9tration du christianisme \u00e9tait moindre.<span class=\"Apple-converted-space\">\u00a0<\/span><\/p>\n<p>A partir du 5<span><sup>e<\/sup><\/span> si\u00e8cle, des religieux venus de Bretagne insulaire, accompagn\u00e9s de leurs fid\u00e8les y d\u00e9barqu\u00e8rent en nombre. Peut-\u00eatre \u00e9taient-ils chass\u00e9s par la pression des Scots d&#8217;Irlande, ou peut-\u00eatre exil\u00e9s vers le continent \u00e0 la suite de divergences doctrinales, peut-\u00eatre voulaient-ils accomplir une mission \u00e9vang\u00e9lisatrice, les incertitudes demeurent. Ils \u00e9taient moines, diplomates, organisateurs.<\/p>\n<p>A partir des c\u00f4tes puis remontant les vall\u00e9es du Gouet, du Blavet, de la Rance et de la Vilaine, ils fond\u00e8rent des ermitages ou de petites communaut\u00e9s claniques dont ils \u00e9taient les chefs et marqu\u00e8rent profond\u00e9ment ce territoire.<span class=\"Apple-converted-space\">\u00a0<\/span><\/p>\n<p>Ces religieux navigateurs sont les &#8220;saints&#8221; bretons bien connus : saint Quay, saint Malo, saint Budoc, saint Maudez, saint Briac, saint Brieuc, saint Tugdual, saint Paul-Aur\u00e9lien\u2026 et bien d&#8217;autres parmi les 700 saints bretons r\u00e9pertori\u00e9s.<span class=\"Apple-converted-space\">\u00a0<\/span><\/p>\n<\/div>\n<p><img decoding=\"async\" src=\"\/wp-content\/uploads\/2024\/02\/24-migrations.jpg\" alt=\"\"><\/p>\n<div>\n<p>Dans les si\u00e8cles suivants, en Armorique, le pouvoir semble \u00eatre pass\u00e9 progressivement aux mains des nouveaux arrivants, les armoricains adoptant la langue des bretons insulaires, des &#8220;comtes&#8221; bretons prenant la t\u00eate de territoires relativement autonomes. Au d\u00e9but du 6<span><sup>e<\/sup><\/span> si\u00e8cle, les chefs de ce qui est appel\u00e9 d\u00e9sormais Bretagne feront alliance avec les francs de Clovis, roi franc devenu chr\u00e9tien. Bien plus tard, en 1532, la Bretagne sera rattach\u00e9e \u00e0 la France\u2026<\/p>\n<\/div>\n<p><img decoding=\"async\" src=\"\/wp-content\/uploads\/2024\/02\/Anne-de-Bretagne.jpg\" alt=\"\"><\/p>\n<div>\n<h6 style=\"text-align: center;\">Anne de Bretagne (1477-1514) &#8211; Jean Bourdichon &#8211; vers 1503<\/h6>\n<\/div>\n<p><a href=\"\/fontaine_saint-quay\/\">[close]<\/a><\/p>\n<p><!--more--><br \/>\n<!-- {\"type\":\"layout\",\"children\":[{\"type\":\"section\",\"props\":{\"image_position\":\"center-center\",\"padding\":\"small\",\"padding_remove_bottom\":false,\"style\":\"default\",\"title_breakpoint\":\"xl\",\"title_position\":\"top-left\",\"title_rotation\":\"left\",\"vertical_align\":\"\",\"width\":\"default\"},\"children\":[{\"type\":\"row\",\"props\":{\"layout\":\"4-5,1-5\"},\"children\":[{\"type\":\"column\",\"props\":{\"image_position\":\"center-center\",\"position_sticky_breakpoint\":\"m\",\"width_default\":\"4-5\",\"width_medium\":\"4-5\"},\"children\":[{\"type\":\"module\",\"props\":{\"menu_image_align\":\"center\",\"menu_image_margin\":true,\"menu_style\":\"default\",\"menu_type\":\"nav\",\"type\":\"falang\",\"widget\":\"falang-6\"}}]},{\"type\":\"column\",\"props\":{\"image_position\":\"center-center\",\"position_sticky_breakpoint\":\"m\",\"vertical_align\":\"middle\",\"width_default\":\"1-5\",\"width_medium\":\"1-5\"},\"children\":[{\"type\":\"icon\",\"props\":{\"icon\":\"close\",\"icon_width\":\"45\",\"link\":\"fontaine_saint-quay\\\/\",\"margin\":\"default\",\"text_align\":\"right\"}}]}]}],\"name\":\"HAUT\"},{\"type\":\"section\",\"props\":{\"image_position\":\"center-center\",\"padding_remove_bottom\":true,\"padding_remove_top\":true,\"style\":\"default\",\"title_breakpoint\":\"xl\",\"title_position\":\"top-left\",\"title_rotation\":\"left\",\"vertical_align\":\"\",\"width\":\"default\"},\"children\":[{\"type\":\"row\",\"children\":[{\"type\":\"column\",\"props\":{\"image_position\":\"center-center\",\"position_sticky_breakpoint\":\"m\"},\"children\":[{\"type\":\"divider\",\"props\":{\"divider_element\":\"hr\"}},{\"type\":\"headline\",\"props\":{\"content\":\"L'Armorique des premiers si\\u00e8cles\",\"content_en_gb\":\"\n\n<p>Early Armorica<\\\/p>\",\"title_element\":\"h1\"}},{\"type\":\"image\",\"props\":{\"image\":\"wp-content\\\/uploads\\\/2024\\\/02\\\/19-Statere-dor-des-Venetes.jpg\",\"image_svg_color\":\"emphasis\",\"margin\":\"default\",\"margin_remove_bottom\":true,\"text_align\":\"center\"}},{\"type\":\"text\",\"props\":{\"column_breakpoint\":\"m\",\"content\":\"\n\n<h6 style=\\\"text-align: center;\\\"><i>monnaie v\\u00e9n\\u00e8te<\\\/i><\\\/h6>\",\"margin\":\"default\",\"margin_remove_top\":true}}]}]}],\"name\":\"L\\u2019ARMORIQUE DES PREMIERS SI\\u00c8CLES\"},{\"type\":\"section\",\"props\":{\"image_position\":\"center-center\",\"style\":\"default\",\"title_breakpoint\":\"xl\",\"title_position\":\"top-left\",\"title_rotation\":\"left\",\"vertical_align\":\"\",\"width\":\"default\"},\"children\":[{\"type\":\"row\",\"children\":[{\"type\":\"column\",\"props\":{\"image_position\":\"center-center\",\"position_sticky_breakpoint\":\"m\"},\"children\":[{\"type\":\"divider\",\"props\":{\"divider_element\":\"hr\"}},{\"type\":\"headline\",\"props\":{\"content\":\"Avant la Bretagne, l'Armorique\",\"content_en_gb\":\"Before Brittany, Armorica\",\"title_element\":\"h1\"}}]}]},{\"type\":\"row\",\"props\":{\"layout\":\"2-3,1-3\"},\"children\":[{\"type\":\"column\",\"props\":{\"image_position\":\"center-center\",\"position_sticky_breakpoint\":\"m\",\"width_medium\":\"2-3\"},\"children\":[{\"type\":\"image\",\"props\":{\"image\":\"wp-content\\\/uploads\\\/2024\\\/02\\\/armorique-romaine.jpg\",\"image_height\":\"500\",\"image_svg_color\":\"emphasis\",\"margin\":\"default\",\"position\":\"relative\",\"text_align\":\"center\"}}]},{\"type\":\"column\",\"props\":{\"image_position\":\"center-center\",\"position_sticky_breakpoint\":\"m\",\"width_medium\":\"1-3\"}}]},{\"type\":\"row\",\"children\":[{\"type\":\"column\",\"props\":{\"image_position\":\"center-center\",\"position_sticky_breakpoint\":\"m\"},\"children\":[{\"type\":\"text\",\"props\":{\"column_breakpoint\":\"m\",\"content\":\"\n\n<p>Avant de s\\u2019appeler la Bretagne, notre p\\u00e9ninsule portait le nom d\\u2019Armorique.<\\\/p>\\n\n\n<p>L\\u2019Armorique de l\\u2019antiquit\\u00e9 tardive et du Haut Moyen-\\u00c2ge garde son myst\\u00e8re. Pas de sources documentaires \\u00e9crites, peu d\\u2019indications arch\\u00e9ologiques, seulement des hypoth\\u00e8ses.<\\\/p>\\n\n\n<p>Dans les premiers si\\u00e8cles de notre \\u00e8re, de part et d\\u2019autre de la Manche, en Armorique et en Bretagne insulaire (aujourd\\u2019hui l\\u2019Angleterre) vivaient des peuples celtes aux modes de vie semblables et aux langues proches, le britton en Bretagne insulaire, la langue celte gauloise en Armorique.<\\\/p>\",\"content_en_gb\":\"Before it was called Brittany, our peninsula was known as Armorica.\\nArmorica in late antiquity and the early Middle Ages remains a mystery. No written documentary sources, few archaeological indications, only hypotheses.\\nIn the first centuries AD, on both sides of the English Channel, in Armorica and in insular Brittany (today's England), Celtic peoples lived with similar lifestyles and languages: Britton in insular Brittany, the Celtic Gallic language in Armorica.\",\"margin\":\"default\"}}]}]},{\"type\":\"row\",\"children\":[{\"type\":\"column\",\"props\":{\"image_position\":\"center-center\",\"position_sticky_breakpoint\":\"m\",\"width_medium\":\"1-2\"},\"children\":[{\"type\":\"image\",\"props\":{\"image\":\"wp-content\\\/uploads\\\/2024\\\/02\\\/grand-curragh.jpg\",\"image_svg_color\":\"emphasis\",\"margin\":\"default\"}}]},{\"type\":\"column\",\"props\":{\"image_position\":\"center-center\",\"position_sticky_breakpoint\":\"m\",\"width_medium\":\"1-2\"},\"children\":[{\"type\":\"image\",\"props\":{\"image\":\"wp-content\\\/uploads\\\/2024\\\/02\\\/Curragh_Petitjean.jpg\",\"image_svg_color\":\"emphasis\",\"margin\":\"default\"}}]}],\"props\":{\"layout\":\"1-2,1-2\"}},{\"type\":\"row\",\"children\":[{\"type\":\"column\",\"props\":{\"image_position\":\"center-center\",\"position_sticky_breakpoint\":\"m\"},\"children\":[{\"type\":\"text\",\"props\":{\"column_breakpoint\":\"m\",\"content\":\"\n\n<p>La conqu\\u00eate romaine de l'Armorique d\\u00e9buta sous C\\u00e9sar en 50 avant JC, celle de la Bretagne insulaire un si\\u00e8cle plus tard, intensifiant les \\u00e9changes commerciaux, culturels et m\\u00eame religieux entre les deux rives de la Manche. La travers\\u00e9e s'effectuait, semble-t-il, assez ais\\u00e9ment par beau temps en un jour et une nuit, \\u00e0 la rame et \\u00e0 la voile, dans des petites embarcations de bois et de peaux tendues, appel\\u00e9es \\\"curragh\\\" lest\\u00e9es d'une grosse pierre dans laquelle le m\\u00e2t s'encastrait, ou dans de plus grands navires de ch\\u00eane permettant de transporter hommes et marchandises.<\\\/p>\",\"content_en_gb\":\"The Roman conquest of Armorica began under Caesar in 50 BC, and that of island Brittany a century later, intensifying commercial, cultural and even religious exchanges between the two shores of the English Channel. The crossing seems to have been relatively easy in good weather, lasting a day and a night, using oars and sails, in small boats made of wood and stretched skins, called \\\"curragh\\\", weighted down with a large stone into which the mast was embedded, or in larger oak ships for transporting men and goods.\",\"margin\":\"default\"}},{\"type\":\"text\",\"props\":{\"column_breakpoint\":\"m\",\"content\":\"\n\n<p>La pr\\u00e9sence romaine en Armorique \\u00e9tait l\\u00e9g\\u00e8re. Dans les villes, peu nombreuses, les \\u00e9lites romanis\\u00e9es parlaient latin et quelques petites communaut\\u00e9s chr\\u00e9tiennes existaient. Mais les campagnes \\u00e9taient rest\\u00e9es gauloises et attach\\u00e9es \\u00e0 l'ancienne religion celtique. Gr\\u00e2ce \\u00e0 la stabilit\\u00e9 politique, une certaine prosp\\u00e9rit\\u00e9 r\\u00e9gna jusqu'au milieu du 3<span><sup>e<\\\/sup><\\\/span> si\\u00e8cle.<span class=\\\"Apple-converted-space\\\">\\u00a0<\\\/span><\\\/p>\",\"content_en_gb\":\"The Roman presence in Armorica was slight. In the towns, which were few in number, the Romanized elites spoke Latin and there were a few small Christian communities. But the countryside remained Gallic and attached to the ancient Celtic religion. Thanks to political stability, a certain prosperity reigned until the middle of the3rd century.\",\"margin\":\"default\"}},{\"type\":\"image\",\"props\":{\"image\":\"wp-content\\\/uploads\\\/2024\\\/02\\\/Bretagne-insulaire-romaine.jpg\",\"image_height\":\"500\",\"image_svg_color\":\"emphasis\",\"margin\":\"default\",\"position\":\"relative\",\"text_align\":\"center\"}}]}]}],\"name\":\"Avant la Bretagne, l'Armorique\"},{\"type\":\"section\",\"props\":{\"image_position\":\"center-center\",\"style\":\"default\",\"title_breakpoint\":\"xl\",\"title_position\":\"top-left\",\"title_rotation\":\"left\",\"vertical_align\":\"\",\"width\":\"default\"},\"children\":[{\"type\":\"row\",\"children\":[{\"type\":\"column\",\"props\":{\"image_position\":\"center-center\",\"position_sticky_breakpoint\":\"m\"},\"children\":[{\"type\":\"headline\",\"props\":{\"content\":\"\n\n<p>Arriv\\u00e9e des brittons au 5<sup>e<\\\/sup> si\\u00e8cle<\\\/p>\",\"content_en_gb\":\"Arrival of the Britons in the 3rd century\",\"title_element\":\"h1\"}}]}]},{\"type\":\"row\",\"props\":{\"layout\":\"2-3,1-3\"},\"children\":[{\"type\":\"column\",\"props\":{\"image_position\":\"center-center\",\"position_sticky_breakpoint\":\"m\",\"width_medium\":\"2-3\"},\"children\":[{\"type\":\"text\",\"props\":{\"column_breakpoint\":\"m\",\"content\":\"\n\n<p>Deux si\\u00e8cles plus tard, La Bretagne insulaire \\u00e9tait d\\u00e9j\\u00e0 christianis\\u00e9e. En Armorique, la p\\u00e9n\\u00e9tration du christianisme \\u00e9tait moindre.<span class=\\\"Apple-converted-space\\\">\\u00a0<\\\/span><\\\/p>\\n\n\n<p>A partir du 5<span><sup>e<\\\/sup><\\\/span> si\\u00e8cle, des religieux venus de Bretagne insulaire, accompagn\\u00e9s de leurs fid\\u00e8les y d\\u00e9barqu\\u00e8rent en nombre. Peut-\\u00eatre \\u00e9taient-ils chass\\u00e9s par la pression des Scots d'Irlande, ou peut-\\u00eatre exil\\u00e9s vers le continent \\u00e0 la suite de divergences doctrinales, peut-\\u00eatre voulaient-ils accomplir une mission \\u00e9vang\\u00e9lisatrice, les incertitudes demeurent. Ils \\u00e9taient moines, diplomates, organisateurs.<\\\/p>\\n\n\n<p>A partir des c\\u00f4tes puis remontant les vall\\u00e9es du Gouet, du Blavet, de la Rance et de la Vilaine, ils fond\\u00e8rent des ermitages ou de petites communaut\\u00e9s claniques dont ils \\u00e9taient les chefs et marqu\\u00e8rent profond\\u00e9ment ce territoire.<span class=\\\"Apple-converted-space\\\">\\u00a0<\\\/span><\\\/p>\\n\n\n<p>Ces religieux navigateurs sont les \\\"saints\\\" bretons bien connus : saint Quay, saint Malo, saint Budoc, saint Maudez, saint Briac, saint Brieuc, saint Tugdual, saint Paul-Aur\\u00e9lien\\u2026 et bien d'autres parmi les 700 saints bretons r\\u00e9pertori\\u00e9s.<span class=\\\"Apple-converted-space\\\">\\u00a0<\\\/span><\\\/p>\",\"content_en_gb\":\"\n\n<p>Two centuries later, Brittany was already Christianized. In Armorica, the penetration of Christianity was less marked.<\\\/p>\\n\n\n<p>From the<sup>5th<\\\/sup> century onwards, religious figures from island Brittany, accompanied by their followers, arrived in large numbers. Perhaps they were driven out by pressure from the Scots of Ireland, or perhaps they were exiled to the mainland following doctrinal differences, or perhaps they wanted to carry out an evangelizing mission - the uncertainties remain. They were monks, diplomats, organizers.<\\\/p>\\n\n\n<p>Starting from the coast and working their way up the valleys of the Gouet, Blavet, Rance and Vilaine rivers, they founded hermitages or small clan communities, of which they were the leaders, and left their mark on this territory.<\\\/p>\\n\n\n<p>These religious navigators are the well-known Breton \\\"saints\\\": Saint Quay, Saint Malo, Saint Budoc, Saint Maudez, Saint Briac, Saint Brieuc, Saint Tugdual, Saint Paul-Aur\\u00e9lien... and many others among the 700 Breton saints listed.<\\\/p>\",\"margin\":\"default\"}}]},{\"type\":\"column\",\"props\":{\"image_position\":\"center-center\",\"position_sticky_breakpoint\":\"m\",\"width_medium\":\"1-3\"},\"children\":[{\"type\":\"image\",\"props\":{\"image\":\"wp-content\\\/uploads\\\/2024\\\/02\\\/24-migrations.jpg\",\"image_svg_color\":\"emphasis\",\"margin\":\"default\"}}]}]},{\"type\":\"row\",\"props\":{\"layout\":\"3-4,1-4\"},\"children\":[{\"type\":\"column\",\"props\":{\"image_position\":\"center-center\",\"position_sticky_breakpoint\":\"m\",\"width_medium\":\"3-4\"},\"children\":[{\"type\":\"text\",\"props\":{\"column_breakpoint\":\"m\",\"content\":\"\n\n<p>Dans les si\\u00e8cles suivants, en Armorique, le pouvoir semble \\u00eatre pass\\u00e9 progressivement aux mains des nouveaux arrivants, les armoricains adoptant la langue des bretons insulaires, des \\\"comtes\\\" bretons prenant la t\\u00eate de territoires relativement autonomes. Au d\\u00e9but du 6<span><sup>e<\\\/sup><\\\/span> si\\u00e8cle, les chefs de ce qui est appel\\u00e9 d\\u00e9sormais Bretagne feront alliance avec les francs de Clovis, roi franc devenu chr\\u00e9tien. Bien plus tard, en 1532, la Bretagne sera rattach\\u00e9e \\u00e0 la France\\u2026<\\\/p>\",\"content_en_gb\":\"\n\n<p>In the following centuries, power in Armorica seems to have gradually passed into the hands of the new arrivals, with the Armoricans adopting the language of the island Bretons, and Breton \\\"counts\\\" taking over relatively autonomous territories. At the beginning of the <sup>6th<\\\/sup> century, the chieftains of what is now called Brittany formed an alliance with the Franks of Clovis, the Frankish king who had become a Christian. Much later, in 1532, Brittany became part of France...<\\\/p>\",\"margin\":\"default\"}}]},{\"type\":\"column\",\"props\":{\"image_position\":\"center-center\",\"position_sticky_breakpoint\":\"m\",\"width_medium\":\"1-4\"},\"children\":[{\"type\":\"image\",\"props\":{\"image\":\"wp-content\\\/uploads\\\/2024\\\/02\\\/Anne-de-Bretagne.jpg\",\"image_svg_color\":\"emphasis\",\"margin\":\"default\",\"margin_remove_bottom\":true}},{\"type\":\"text\",\"props\":{\"column_breakpoint\":\"m\",\"content\":\"\n\n<h6 style=\\\"text-align: center;\\\">Anne de Bretagne (1477-1514) - Jean Bourdichon - vers 1503<\\\/h6>\",\"margin\":\"default\",\"margin_remove_top\":true}}]}]}],\"name\":\"Arriv\\u00e9e des brittons au 3e si\\u00e8cle\"},{\"type\":\"section\",\"props\":{\"image_position\":\"center-center\",\"padding\":\"xsmall\",\"padding_remove_bottom\":false,\"style\":\"default\",\"title_breakpoint\":\"xl\",\"title_position\":\"top-left\",\"title_rotation\":\"left\",\"vertical_align\":\"\",\"width\":\"default\"},\"children\":[{\"type\":\"row\",\"props\":{\"layout\":\"4-5,1-5\"},\"children\":[{\"type\":\"column\",\"props\":{\"image_position\":\"center-center\",\"position_sticky_breakpoint\":\"m\",\"width_default\":\"4-5\",\"width_medium\":\"4-5\"}},{\"type\":\"column\",\"props\":{\"image_position\":\"center-center\",\"position_sticky_breakpoint\":\"m\",\"vertical_align\":\"middle\",\"width_default\":\"1-5\",\"width_medium\":\"1-5\"},\"children\":[{\"type\":\"icon\",\"props\":{\"icon\":\"close\",\"icon_width\":\"45\",\"link\":\"fontaine_saint-quay\\\/\",\"margin\":\"default\",\"text_align\":\"right\"}}]}]}],\"name\":\"BAS\"}],\"version\":\"4.5.15\"} --><\/p>\n","protected":false},"excerpt":{"rendered":"<p>[close] L&#8217;Armorique des premiers si\u00e8cles monnaie v\u00e9n\u00e8te Avant la Bretagne, l&#8217;Armorique Avant de s\u2019appeler la Bretagne, notre p\u00e9ninsule portait le nom d\u2019Armorique. L\u2019Armorique de l\u2019antiquit\u00e9 tardive et du Haut Moyen-\u00c2ge garde son myst\u00e8re. Pas de sources documentaires \u00e9crites, peu d\u2019indications arch\u00e9ologiques, seulement des hypoth\u00e8ses. Dans les premiers si\u00e8cles de notre \u00e8re, de part et d\u2019autre [&hellip;]<\/p>\n","protected":false},"author":1,"featured_media":0,"parent":0,"menu_order":0,"comment_status":"closed","ping_status":"closed","template":"","meta":{"footnotes":""},"class_list":["post-2475","page","type-page","status-publish","hentry"],"_links":{"self":[{"href":"https:\/\/casqp.fr\/en\/wp-json\/wp\/v2\/pages\/2475","targetHints":{"allow":["GET"]}}],"collection":[{"href":"https:\/\/casqp.fr\/en\/wp-json\/wp\/v2\/pages"}],"about":[{"href":"https:\/\/casqp.fr\/en\/wp-json\/wp\/v2\/types\/page"}],"author":[{"embeddable":true,"href":"https:\/\/casqp.fr\/en\/wp-json\/wp\/v2\/users\/1"}],"replies":[{"embeddable":true,"href":"https:\/\/casqp.fr\/en\/wp-json\/wp\/v2\/comments?post=2475"}],"version-history":[{"count":38,"href":"https:\/\/casqp.fr\/en\/wp-json\/wp\/v2\/pages\/2475\/revisions"}],"predecessor-version":[{"id":5983,"href":"https:\/\/casqp.fr\/en\/wp-json\/wp\/v2\/pages\/2475\/revisions\/5983"}],"wp:attachment":[{"href":"https:\/\/casqp.fr\/en\/wp-json\/wp\/v2\/media?parent=2475"}],"curies":[{"name":"wp","href":"https:\/\/api.w.org\/{rel}","templated":true}]}}