{"id":4632,"date":"2025-04-02T12:16:03","date_gmt":"2025-04-02T10:16:03","guid":{"rendered":"https:\/\/casqp.fr\/?page_id=4632"},"modified":"2025-05-04T16:36:23","modified_gmt":"2025-05-04T14:36:23","slug":"boudin-artistes","status":"publish","type":"page","link":"https:\/\/casqp.fr\/en\/boudin-artistes\/","title":{"rendered":"Eug\u00e8ne Boudin - Les artistes et la Bretagne"},"content":{"rendered":"<p><a href=\"\/boudin\/\">[close]<\/a><\/p>\n<hr>\n<h1>\n<p>Eug\u00e8ne Boudin &#8211; Les artistes et la Bretagne<\/p>\n<\/h1>\n<p><img decoding=\"async\" src=\"\/wp-content\/uploads\/2025\/04\/2_Boudin-_le_Portrieux.jpg\" alt=\"\"><\/p>\n<div>\n<h6><i>Le Portrieux &#8211; Eug\u00e8ne Boudin &#8211;\u00a0 (collection particuli\u00e8re)<\/i><\/h6>\n<\/div>\n<div>\n<p>A partir de la seconde moiti\u00e9 du 19<span><sup>e<\/sup><\/span> si\u00e8cle, le d\u00e9veloppement du train facilitant les d\u00e9placements et la vill\u00e9giature de bord de mer, de nombreux artistes sont attir\u00e9s par la Bretagne, s\u00e9duits par la versatilit\u00e9 de la lumi\u00e8re et l\u2019authenticit\u00e9 des paysages.<\/p>\n<p>Les peintres sortent de leurs ateliers pour travailler des esquisses en ext\u00e9rieur, en s\u2019\u00e9loignant de l\u2019acad\u00e9misme d\u2019une peinture bourgeoise et des th\u00e8mes mythologiques en vogue. Les techniques \u00e9voluent aussi avec l\u2019invention des tubes de couleurs en 1849, ce qui permet aux artistes d\u2019emporter chevalet, toile et palette en plein air et de travailler sur le motif. Sous leur pinceau vont appara\u00eetre des techniques nouvelles, voire des r\u00e9volutions picturales qui feront \u00e9voluer l\u2019histoire de la peinture.<\/p>\n<p>La Bretagne, r\u00e9put\u00e9e pittoresque, devient un lieu de passage privil\u00e9gi\u00e9 pour les peintres qui trouvent (surtout l\u2019\u00e9t\u00e9 quand les ateliers sont ferm\u00e9s) une source d\u2019inspiration in\u00e9puisable \u00e0 dessiner les gr\u00e8ves, la mer, les ciels, les lumi\u00e8res ou le quotidien des habitants dans des sc\u00e8nes ethnographiques de p\u00eaches, de march\u00e9s, de pardons.<\/p>\n<p>Les artistes poussent ainsi leur qu\u00eate cr\u00e9atrice vers des recherches novatrices, en ext\u00e9rieur.<\/p>\n<p><span>Et ce sont ainsi des<\/span> g\u00e9n\u00e9rations de peintres fran\u00e7ais et \u00e9trangers qui, avec des approches plus ou moins acad\u00e9miques, viennent trouver l\u2019inspiration en terre armoricaine. Ces courants multiples\u00a0et quelque fois audacieux, comme l\u2019impressionnisme, (<i>nom donn\u00e9 par d\u00e9rision en 1874, par un critique d\u00e9couvrant le tableau de Monet : Impressions Soleil Levant<\/i>), le fauvisme, l\u2019\u00e9cole de Pont -Aven, le japonisme, les nabis, le naturalisme, le cubisme, se traduiront aussi en Bretagne, au d\u00e9but du 20<span><sup>e<\/sup><\/span> si\u00e8cle, dans une d\u00e9marche plus identitaire, celle des Seiz Breur.<\/p>\n<\/div>\n<hr>\n<h1>\n<p>Eug\u00e8ne Boudin, l\u2019initiateur<\/p>\n<\/h1>\n<p><img decoding=\"async\" src=\"\/wp-content\/uploads\/2025\/04\/4_Boudin_au_travail.jpg\" alt=\"\"><\/p>\n<div>\n<p>Eug\u00e8ne Boudin ouvre une voie sur l\u2019\u00e9cole du paysagisme de plein air parce qu\u2019il peint \u00ab chevalet au vent \u00bb, par n\u2019importe quel temps, des paysages et les reflets de lumi\u00e8res du ciel et de la mer.<\/p>\n<p>Son influence est tr\u00e8s importante sur l\u2019\u00e9volution de la peinture et il pose les jalons d\u2019un mouvement qui bouleverse l\u2019histoire de l\u2019art. Il est le<b> <\/b><span>lien entre deux \u00e9coles picturales, celle de Barbizon<b> <\/b>et de l\u2019impressionnisme qui saisit de fa\u00e7on fugitive les infinis changements du temps.<\/span><\/p>\n<p><span>Il d\u00e9couvre la Bretagne vers 1855<b>,<\/b> y<\/span> viendra chaque \u00e9t\u00e9 jusqu\u2019en 1878, puis une derni\u00e8re fois en 1897.<\/p>\n<\/div>\n<div>\n<p>Le jeune Claude Monet est un grand admirateur des compositions de Boudin, qu\u2019il consid\u00e8re comme son ma\u00eetre. Initi\u00e9 \u00e0 la peinture en plein air par son a\u00een\u00e9, Monet se pla\u00eet \u00e0 Belle-Ile (1886) et y d\u00e9couvre, passionn\u00e9, \u00abla mer inou\u00efe de tons \u00bb. Il est reconnu comme chef de file<span> <\/span>de l\u2019impressionnisme.<\/p>\n<\/div>\n<p><img decoding=\"async\" src=\"\/wp-content\/uploads\/2025\/04\/5-Manet_rocher_du_Lion_belle-Ile.jpg\" alt=\"\"><\/p>\n<div>\n<h6><i>Rocher du lion, Belle-Ile &#8211; Claude Monet &#8211; Fitzwilliam Museum Cambridge<\/i><\/h6>\n<\/div>\n<div>\n<p>Auguste Renoir vient plusieurs fois \u00e0 Saint-Briac, Berthe Morisot se rend plusieurs fois en Bretagne et passera l\u2019\u00e9t\u00e9 au Portrieux en 1894. Degas s\u00e9journe \u00e0 Saint Malo en 1885.<\/p>\n<p>Paul Signac, depuis 1884, date \u00e0 laquelle il a rencontr\u00e9 Seurat, poursuit ses recherches sur la division de la lumi\u00e8re dans la juxtaposition des couleurs. Le peintre navigateur fait escale \u00e0 Saint Briac, \u00e0 Concarneau, navigue sur le Trieux puis jusqu\u2019 au Portrieux o\u00f9 le m\u00e8nent son bateau et son admiration pour Boudin.<\/p>\n<p>Henri Rivi\u00e8re gr\u00e2ce \u00e0 son ami Signac d\u00e9couvre en 1885 les beaut\u00e9s naturelles de la c\u00f4te du Go\u00eblo. Admirateur d\u2019estampes, il sera un passeur du japonisme.<span class=\"Apple-converted-space\">\u00a0 <\/span>Stanislas Henri Rouart peintre amateur, proche des impressionnistes propose lui aussi des sujets bretons et finance les expositions de ses amis.<\/p>\n<\/div>\n<div>\n<p>A partir de 1891, avec Paul Gauguin, Maxime Maufra, Henri Moret, Emile Bernard et d\u2019autres, na\u00eet l\u2019\u00e9cole de Pont-Aven.<\/p>\n<p>Paul S\u00e9rusier et Maurice Denis install\u00e9 \u00e0 Perros-Guirec fondent en<span> <\/span>1888 le groupe des \u00ab Nabis \u00bb.<\/p>\n<p>Bernard Buffet vit r\u00e9guli\u00e8rement \u00e0 Saint-Cast. Sa vision toute personnelle et son amour de la Bretagne se traduisent ici dans une expression rectiligne novatrice,<span> <\/span>avant-gardiste d\u2019autres mouvements, l\u2019expressionnisme, le r\u00e9alisme&#8230;<\/p>\n<p>Mais l\u2019histoire ne s\u2019arr\u00eate pas l\u00e0 et<span> <\/span>d\u2019autres peintres viendront eux aussi capter les lumi\u00e8res de nos c\u00f4tes. Quelques-uns sont cit\u00e9s sur la page consacr\u00e9e \u00e0 Paul Signac et Berthe Morisot<\/p>\n<p>Au Portrieux, c\u2019est une rencontre privil\u00e9gi\u00e9e avec des artistes, dont les signatures sont c\u00e9l\u00e8bres dans le monde entier et les tableaux accroch\u00e9s aux cimaises de grands mus\u00e9es, qui nous est offerte\u00a0: Eug\u00e8ne Boudin, Paul Signac et Berthe Morisot.<\/p>\n<\/div>\n<p><a href=\"\/boudin\/\">[close]<\/a><\/p>\n<p><!--more--><br \/>\n<!-- {\"type\":\"layout\",\"children\":[{\"type\":\"section\",\"props\":{\"image_position\":\"center-center\",\"padding\":\"small\",\"padding_remove_bottom\":false,\"style\":\"default\",\"title_breakpoint\":\"xl\",\"title_position\":\"top-left\",\"title_rotation\":\"left\",\"vertical_align\":\"\",\"width\":\"default\"},\"children\":[{\"type\":\"row\",\"props\":{\"layout\":\"4-5,1-5\"},\"children\":[{\"type\":\"column\",\"props\":{\"image_position\":\"center-center\",\"position_sticky_breakpoint\":\"m\",\"width_default\":\"4-5\",\"width_medium\":\"4-5\"},\"children\":[{\"type\":\"module\",\"props\":{\"menu_image_align\":\"center\",\"menu_image_margin\":true,\"menu_style\":\"default\",\"menu_type\":\"nav\",\"type\":\"falang\",\"widget\":\"falang-6\"}}]},{\"type\":\"column\",\"props\":{\"image_position\":\"center-center\",\"position_sticky_breakpoint\":\"m\",\"vertical_align\":\"middle\",\"width_default\":\"1-5\",\"width_medium\":\"1-5\"},\"children\":[{\"type\":\"icon\",\"props\":{\"icon\":\"close\",\"icon_width\":\"45\",\"link\":\"boudin\\\/\",\"margin\":\"default\",\"text_align\":\"right\"}}]}]}],\"name\":\"HAUT\"},{\"type\":\"section\",\"props\":{\"image_position\":\"center-center\",\"padding_remove_bottom\":true,\"padding_remove_top\":true,\"style\":\"default\",\"title_breakpoint\":\"xl\",\"title_position\":\"top-left\",\"title_rotation\":\"left\",\"vertical_align\":\"\",\"width\":\"default\"},\"children\":[{\"type\":\"row\",\"children\":[{\"type\":\"column\",\"props\":{\"image_position\":\"center-center\",\"position_sticky_breakpoint\":\"m\"},\"children\":[{\"type\":\"divider\",\"props\":{\"divider_element\":\"hr\"}},{\"type\":\"headline\",\"props\":{\"content\":\"\n\n<p>Eug\\u00e8ne Boudin - Les artistes et la Bretagne<\\\/p>\",\"content_en_gb\":\"Eug\\u00e8ne Boudin - Artists and Brittany\",\"title_element\":\"h1\"}},{\"type\":\"image\",\"props\":{\"image\":\"wp-content\\\/uploads\\\/2025\\\/04\\\/2_Boudin-_le_Portrieux.jpg\",\"image_svg_color\":\"emphasis\",\"margin\":\"default\",\"margin_remove_bottom\":true}},{\"type\":\"text\",\"props\":{\"column_breakpoint\":\"m\",\"content\":\"\n\n<h6><i>Le Portrieux - Eug\\u00e8ne Boudin -\\u00a0 (collection particuli\\u00e8re)<\\\/i><\\\/h6>\",\"margin\":\"default\",\"margin_remove_top\":true}},{\"type\":\"text\",\"props\":{\"column_breakpoint\":\"m\",\"content\":\"\n\n<p>A partir de la seconde moiti\\u00e9 du 19<span><sup>e<\\\/sup><\\\/span> si\\u00e8cle, le d\\u00e9veloppement du train facilitant les d\\u00e9placements et la vill\\u00e9giature de bord de mer, de nombreux artistes sont attir\\u00e9s par la Bretagne, s\\u00e9duits par la versatilit\\u00e9 de la lumi\\u00e8re et l\\u2019authenticit\\u00e9 des paysages.<\\\/p>\\n\n\n<p>Les peintres sortent de leurs ateliers pour travailler des esquisses en ext\\u00e9rieur, en s\\u2019\\u00e9loignant de l\\u2019acad\\u00e9misme d\\u2019une peinture bourgeoise et des th\\u00e8mes mythologiques en vogue. Les techniques \\u00e9voluent aussi avec l\\u2019invention des tubes de couleurs en 1849, ce qui permet aux artistes d\\u2019emporter chevalet, toile et palette en plein air et de travailler sur le motif. Sous leur pinceau vont appara\\u00eetre des techniques nouvelles, voire des r\\u00e9volutions picturales qui feront \\u00e9voluer l\\u2019histoire de la peinture.<\\\/p>\\n\n\n<p><br \\\/>La Bretagne, r\\u00e9put\\u00e9e pittoresque, devient un lieu de passage privil\\u00e9gi\\u00e9 pour les peintres qui trouvent (surtout l\\u2019\\u00e9t\\u00e9 quand les ateliers sont ferm\\u00e9s) une source d\\u2019inspiration in\\u00e9puisable \\u00e0 dessiner les gr\\u00e8ves, la mer, les ciels, les lumi\\u00e8res ou le quotidien des habitants dans des sc\\u00e8nes ethnographiques de p\\u00eaches, de march\\u00e9s, de pardons.<\\\/p>\\n\n\n<p>Les artistes poussent ainsi leur qu\\u00eate cr\\u00e9atrice vers des recherches novatrices, en ext\\u00e9rieur.<\\\/p>\\n\n\n<p><span>Et ce sont ainsi des<\\\/span> g\\u00e9n\\u00e9rations de peintres fran\\u00e7ais et \\u00e9trangers qui, avec des approches plus ou moins acad\\u00e9miques, viennent trouver l\\u2019inspiration en terre armoricaine. Ces courants multiples\\u00a0et quelque fois audacieux, comme l\\u2019impressionnisme, (<i>nom donn\\u00e9 par d\\u00e9rision en 1874, par un critique d\\u00e9couvrant le tableau de Monet : Impressions Soleil Levant<\\\/i>), le fauvisme, l\\u2019\\u00e9cole de Pont -Aven, le japonisme, les nabis, le naturalisme, le cubisme, se traduiront aussi en Bretagne, au d\\u00e9but du 20<span><sup>e<\\\/sup><\\\/span> si\\u00e8cle, dans une d\\u00e9marche plus identitaire, celle des Seiz Breur.<\\\/p>\",\"content_en_gb\":\"\n\n<p>From the second half of the 19th century onwards, the development of the railways facilitated travel and seaside vacationing, and many artists were drawn to Brittany, seduced by the versatility of its light and the authenticity of its landscapes.<\\\/p>\\n\n\n<p>Painters left their studios to work on sketches outdoors, moving away from the academicism of bourgeois painting and the mythological themes in vogue. Techniques also evolved with the invention of color tubes in 1849, enabling artists to take their easels, canvases and palettes outdoors and work on the motif. Under their brushes, new techniques emerged, even pictorial revolutions that would shape the history of painting.<\\\/p>\\n\n\n<p>Brittany, renowned for its picturesque scenery, became a favorite stopover for painters, who found (especially in summer when studios were closed) an inexhaustible source of inspiration in drawing the shores, the sea, the skies, the lights or the everyday life of the inhabitants in ethnographic scenes of fishing, markets and pardons.<\\\/p>\\n\n\n<p>In this way, artists pushed their creative quest towards innovative outdoor research.<\\\/p>\\n\n\n<p>And so it was that generations of French and foreign painters, with more or less academic approaches, came to find inspiration in Armorican soil. These multiple and sometimes daring currents, such as Impressionism (a name given derisively in 1874 by a critic who discovered Monet's painting Impressions Soleil Levant), Fauvism, the Pont-Aven school, Japonism, the Nabis, Naturalism and Cubism, were also reflected in Brittany, at the beginning of the 20th century, in a more identity-based approach, that of the Seiz Breur.<\\\/p>\",\"margin\":\"default\"}}]}]}],\"name\":\"Eug\\u00e8ne Boudin - Les artistes et la Bretagne\"},{\"type\":\"section\",\"props\":{\"image_position\":\"center-center\",\"style\":\"default\",\"title_breakpoint\":\"xl\",\"title_position\":\"top-left\",\"title_rotation\":\"left\",\"vertical_align\":\"\",\"width\":\"default\"},\"children\":[{\"type\":\"row\",\"children\":[{\"type\":\"column\",\"props\":{\"image_position\":\"center-center\",\"position_sticky_breakpoint\":\"m\"},\"children\":[{\"type\":\"divider\",\"props\":{\"divider_element\":\"hr\"}},{\"type\":\"headline\",\"props\":{\"content\":\"\n\n<p>Eug\\u00e8ne Boudin, l\\u2019initiateur<\\\/p>\",\"content_en_gb\":\"\n\n<p>Eug\\u00e8ne Boudin, the initiator<\\\/p>\",\"title_element\":\"h1\"}}]}]},{\"type\":\"row\",\"props\":{\"layout\":\"1-4,3-4\"},\"children\":[{\"type\":\"column\",\"props\":{\"image_position\":\"center-center\",\"position_sticky_breakpoint\":\"m\",\"width_medium\":\"1-4\"},\"children\":[{\"type\":\"image\",\"props\":{\"image\":\"wp-content\\\/uploads\\\/2025\\\/04\\\/4_Boudin_au_travail.jpg\",\"image_svg_color\":\"emphasis\",\"margin\":\"default\"}}]},{\"type\":\"column\",\"props\":{\"image_position\":\"center-center\",\"position_sticky_breakpoint\":\"m\",\"width_medium\":\"3-4\"},\"children\":[{\"type\":\"text\",\"props\":{\"column_breakpoint\":\"m\",\"content\":\"\n\n<p>Eug\\u00e8ne Boudin ouvre une voie sur l\\u2019\\u00e9cole du paysagisme de plein air parce qu\\u2019il peint \\u00ab chevalet au vent \\u00bb, par n\\u2019importe quel temps, des paysages et les reflets de lumi\\u00e8res du ciel et de la mer.<\\\/p>\\n\n\n<p>Son influence est tr\\u00e8s importante sur l\\u2019\\u00e9volution de la peinture et il pose les jalons d\\u2019un mouvement qui bouleverse l\\u2019histoire de l\\u2019art. Il est le<b> <\\\/b><span>lien entre deux \\u00e9coles picturales, celle de Barbizon<b> <\\\/b>et de l\\u2019impressionnisme qui saisit de fa\\u00e7on fugitive les infinis changements du temps.<\\\/span><\\\/p>\\n\n\n<p><span>Il d\\u00e9couvre la Bretagne vers 1855<b>,<\\\/b> y<\\\/span> viendra chaque \\u00e9t\\u00e9 jusqu\\u2019en 1878, puis une derni\\u00e8re fois en 1897.<\\\/p>\",\"content_en_gb\":\"\n\n<p>Eug\\u00e8ne Boudin paved the way for the plein-air school of landscape painting, because he painted landscapes and reflections of light from the sky and sea \\u201ceasel to the wind\\u201d, whatever the weather.<\\\/p>\\n\n\n<p>His influence on the evolution of painting was far-reaching, and he laid the foundations for a movement that turned art history on its head. He was the link between two schools of painting, Barbizon and Impressionism, which captured the infinite changes of time in a fleeting manner.<\\\/p>\\n\n\n<p>He discovered Brittany around 1855, visiting every summer until 1878, and then for the last time in 1897.<\\\/p>\",\"margin\":\"default\"}}]}]},{\"type\":\"row\",\"props\":{\"layout\":\"1-2,1-2\"},\"children\":[{\"type\":\"column\",\"props\":{\"image_position\":\"center-center\",\"position_sticky_breakpoint\":\"m\",\"width_medium\":\"1-2\"},\"children\":[{\"type\":\"text\",\"props\":{\"column_breakpoint\":\"m\",\"content\":\"\n\n<p>Le jeune Claude Monet est un grand admirateur des compositions de Boudin, qu\\u2019il consid\\u00e8re comme son ma\\u00eetre. Initi\\u00e9 \\u00e0 la peinture en plein air par son a\\u00een\\u00e9, Monet se pla\\u00eet \\u00e0 Belle-Ile (1886) et y d\\u00e9couvre, passionn\\u00e9, \\u00abla mer inou\\u00efe de tons \\u00bb. Il est reconnu comme chef de file<span> <\\\/span>de l\\u2019impressionnisme.<\\\/p>\",\"content_en_gb\":\"\n\n<p>The young Claude Monet was a great admirer of Boudin's compositions, whom he considered his master. Introduced to plein-air painting by his elder brother, Monet enjoyed Belle-Ile (1886), where he discovered \\u201cthe unheard-of sea of tones\\u201d. He is recognized as the leader of Impressionism.<\\\/p>\",\"margin\":\"default\"}}]},{\"type\":\"column\",\"props\":{\"image_position\":\"center-center\",\"position_sticky_breakpoint\":\"m\",\"width_medium\":\"1-2\"},\"children\":[{\"type\":\"image\",\"props\":{\"image\":\"wp-content\\\/uploads\\\/2025\\\/04\\\/5-Manet_rocher_du_Lion_belle-Ile.jpg\",\"image_svg_color\":\"emphasis\",\"margin\":\"default\",\"margin_remove_bottom\":true}},{\"type\":\"text\",\"props\":{\"column_breakpoint\":\"m\",\"content\":\"\n\n<h6><i>Rocher du lion, Belle-Ile - Claude Monet - Fitzwilliam Museum Cambridge<\\\/i><\\\/h6>\",\"margin\":\"default\",\"margin_remove_top\":true}}]}]},{\"type\":\"row\",\"children\":[{\"type\":\"column\",\"props\":{\"image_position\":\"center-center\",\"position_sticky_breakpoint\":\"m\"},\"children\":[{\"type\":\"text\",\"props\":{\"column_breakpoint\":\"m\",\"content\":\"\n\n<p>Auguste Renoir vient plusieurs fois \\u00e0 Saint-Briac, Berthe Morisot se rend plusieurs fois en Bretagne et passera l\\u2019\\u00e9t\\u00e9 au Portrieux en 1894. Degas s\\u00e9journe \\u00e0 Saint Malo en 1885.<\\\/p>\\n\n\n<p>Paul Signac, depuis 1884, date \\u00e0 laquelle il a rencontr\\u00e9 Seurat, poursuit ses recherches sur la division de la lumi\\u00e8re dans la juxtaposition des couleurs. Le peintre navigateur fait escale \\u00e0 Saint Briac, \\u00e0 Concarneau, navigue sur le Trieux puis jusqu\\u2019 au Portrieux o\\u00f9 le m\\u00e8nent son bateau et son admiration pour Boudin.<\\\/p>\\n\n\n<p>Henri Rivi\\u00e8re gr\\u00e2ce \\u00e0 son ami Signac d\\u00e9couvre en 1885 les beaut\\u00e9s naturelles de la c\\u00f4te du Go\\u00eblo. Admirateur d\\u2019estampes, il sera un passeur du japonisme.<span class=\\\"Apple-converted-space\\\">\\u00a0 <\\\/span>Stanislas Henri Rouart peintre amateur, proche des impressionnistes propose lui aussi des sujets bretons et finance les expositions de ses amis.<\\\/p>\",\"content_en_gb\":\"\n\n<p>Auguste Renoir came to Saint-Briac several times, and Berthe Morisot visited Brittany several times, spending the summer at Portrieux in 1894. Degas stayed in Saint Malo in 1885.<\\\/p>\\n\n\n<p>Since 1884, when he met Seurat, Paul Signac had been pursuing his research into the division of light in the juxtaposition of colors. The painter-navigator stopped off at Saint Briac and Concarneau, sailed on the Trieux and then as far as Portrieux, where his boat and his admiration for Boudin took him.<\\\/p>\\n\n\n<p>In 1885, thanks to his friend Signac, Henri Rivi\\u00e8re discovered the natural beauty of the Go\\u00eblo coast. An admirer of prints, he was a conduit for Japanese art. Stanislas Henri Rouart, an amateur painter close to the Impressionists, also proposed Breton subjects and financed his friends' exhibitions.<\\\/p>\",\"margin\":\"default\"}}]}]},{\"type\":\"row\",\"children\":[{\"type\":\"column\",\"props\":{\"image_position\":\"center-center\",\"position_sticky_breakpoint\":\"m\"},\"children\":[{\"type\":\"text\",\"props\":{\"column_breakpoint\":\"m\",\"content\":\"\n\n<p>A partir de 1891, avec Paul Gauguin, Maxime Maufra, Henri Moret, Emile Bernard et d\\u2019autres, na\\u00eet l\\u2019\\u00e9cole de Pont-Aven.<\\\/p>\\n\n\n<p>Paul S\\u00e9rusier et Maurice Denis install\\u00e9 \\u00e0 Perros-Guirec fondent en<span> <\\\/span>1888 le groupe des \\u00ab Nabis \\u00bb.<\\\/p>\\n\n\n<p>Bernard Buffet vit r\\u00e9guli\\u00e8rement \\u00e0 Saint-Cast. Sa vision toute personnelle et son amour de la Bretagne se traduisent ici dans une expression rectiligne novatrice,<span> <\\\/span>avant-gardiste d\\u2019autres mouvements, l\\u2019expressionnisme, le r\\u00e9alisme...<\\\/p>\\n\n\n<p>Mais l\\u2019histoire ne s\\u2019arr\\u00eate pas l\\u00e0 et<span> <\\\/span>d\\u2019autres peintres viendront eux aussi capter les lumi\\u00e8res de nos c\\u00f4tes. Quelques-uns sont cit\\u00e9s sur la page consacr\\u00e9e \\u00e0 Paul Signac et Berthe Morisot<\\\/p>\\n\n\n<p>Au Portrieux, c\\u2019est une rencontre privil\\u00e9gi\\u00e9e avec des artistes, dont les signatures sont c\\u00e9l\\u00e8bres dans le monde entier et les tableaux accroch\\u00e9s aux cimaises de grands mus\\u00e9es, qui nous est offerte\\u00a0: Eug\\u00e8ne Boudin, Paul Signac et Berthe Morisot.<\\\/p>\",\"content_en_gb\":\"\n\n<p>From 1891, Paul Gauguin, Maxime Maufra, Henri Moret, Emile Bernard and others formed the Pont-Aven school.<\\\/p>\\n\n\n<p>Paul S\\u00e9rusier and Maurice Denis, based in Perros-Guirec, founded the \\u201cNabis\\u201d group in 1888.<\\\/p>\\n\n\n<p>Bernard Buffet lives regularly in Saint-Cast. His very personal vision and his love of Brittany are reflected here in an innovative rectilinear expression, avant-garde of other movements, Expressionism, Realism...<\\\/p>\\n\n\n<p>But the story doesn't end there, and other painters will also come to capture the lights of our coasts. Some of these are listed on the page devoted to Paul Signac and Berthe Morisot.<\\\/p>\\n\n\n<p>At Le Portrieux, we are offered a privileged encounter with artists whose signatures are famous the world over and whose paintings hang on the walls of major museums: Eug\\u00e8ne Boudin, Paul Signac and Berthe Morisot.<\\\/p>\",\"margin\":\"default\"}}]}]}],\"name\":\"Eug\\u00e8ne Boudin, l\\u2019initiateur\"},{\"type\":\"section\",\"props\":{\"image_position\":\"center-center\",\"padding\":\"xsmall\",\"padding_remove_bottom\":false,\"style\":\"default\",\"title_breakpoint\":\"xl\",\"title_position\":\"top-left\",\"title_rotation\":\"left\",\"vertical_align\":\"\",\"width\":\"default\"},\"children\":[{\"type\":\"row\",\"props\":{\"layout\":\"4-5,1-5\"},\"children\":[{\"type\":\"column\",\"props\":{\"image_position\":\"center-center\",\"position_sticky_breakpoint\":\"m\",\"width_default\":\"4-5\",\"width_medium\":\"4-5\"}},{\"type\":\"column\",\"props\":{\"image_position\":\"center-center\",\"position_sticky_breakpoint\":\"m\",\"vertical_align\":\"middle\",\"width_default\":\"1-5\",\"width_medium\":\"1-5\"},\"children\":[{\"type\":\"icon\",\"props\":{\"icon\":\"close\",\"icon_width\":\"45\",\"link\":\"boudin\\\/\",\"margin\":\"default\",\"text_align\":\"right\"}}]}]}],\"name\":\"BAS\"}],\"version\":\"4.5.15\"} --><\/p>\n","protected":false},"excerpt":{"rendered":"<p>[close] Eug\u00e8ne Boudin &#8211; Les artistes et la Bretagne Le Portrieux &#8211; Eug\u00e8ne Boudin &#8211;\u00a0 (collection particuli\u00e8re) A partir de la seconde moiti\u00e9 du 19e si\u00e8cle, le d\u00e9veloppement du train facilitant les d\u00e9placements et la vill\u00e9giature de bord de mer, de nombreux artistes sont attir\u00e9s par la Bretagne, s\u00e9duits par la versatilit\u00e9 de la lumi\u00e8re [&hellip;]<\/p>\n","protected":false},"author":1,"featured_media":0,"parent":0,"menu_order":0,"comment_status":"closed","ping_status":"closed","template":"","meta":{"footnotes":""},"class_list":["post-4632","page","type-page","status-publish","hentry"],"_links":{"self":[{"href":"https:\/\/casqp.fr\/en\/wp-json\/wp\/v2\/pages\/4632","targetHints":{"allow":["GET"]}}],"collection":[{"href":"https:\/\/casqp.fr\/en\/wp-json\/wp\/v2\/pages"}],"about":[{"href":"https:\/\/casqp.fr\/en\/wp-json\/wp\/v2\/types\/page"}],"author":[{"embeddable":true,"href":"https:\/\/casqp.fr\/en\/wp-json\/wp\/v2\/users\/1"}],"replies":[{"embeddable":true,"href":"https:\/\/casqp.fr\/en\/wp-json\/wp\/v2\/comments?post=4632"}],"version-history":[{"count":35,"href":"https:\/\/casqp.fr\/en\/wp-json\/wp\/v2\/pages\/4632\/revisions"}],"predecessor-version":[{"id":5874,"href":"https:\/\/casqp.fr\/en\/wp-json\/wp\/v2\/pages\/4632\/revisions\/5874"}],"wp:attachment":[{"href":"https:\/\/casqp.fr\/en\/wp-json\/wp\/v2\/media?parent=4632"}],"curies":[{"name":"wp","href":"https:\/\/api.w.org\/{rel}","templated":true}]}}